{"id":20154,"date":"2018-07-13T11:48:13","date_gmt":"2018-07-13T16:48:13","guid":{"rendered":"http:\/\/wikb.modeltheme.com\/?page_id=2"},"modified":"2024-08-02T11:30:54","modified_gmt":"2024-08-02T16:30:54","slug":"home","status":"publish","type":"page","link":"https:\/\/beexcc.com\/docs\/","title":{"rendered":"Home"},"content":{"rendered":"<p>[vc_row full_width=\u00bbstretch_row\u00bb css=\u00bb.vc_custom_1562055796693{margin-bottom: 0px !important;padding-top: 55px !important;padding-bottom: 275px !important;}\u00bb el_class=\u00bbslider-image pad-size\u00bb][vc_column width=\u00bb1\/6&#8243;][\/vc_column][vc_column width=\u00bb2\/3&#8243;][vc_empty_space height=\u00bb100px\u00bb][vc_column_text el_class=\u00bbtitle-docs\u00bb]<\/p>\n<h1 style=\"display: none;\">Documentos Securitec<\/h1>\n<p style=\"text-align: center; font-weight: 800; font-size: 58px; line-height: 60px; color: #252525;\">\u00a1Bienvenido a Beex<\/p>\n<p style=\"text-align: center; font-weight: 800; font-size: 58px; line-height: 60px; color: #252525;\">Help Center!<\/p>\n<p>[\/vc_column_text][vc_empty_space height=\u00bb30px\u00bb][vc_column_text]<\/p>\n<h4 style=\"line-height: normal; color: #262a31; text-align: center;\">Familiarizate con nuestros productos, conoce todo acerca de ellos<\/h4>\n<h4 style=\"line-height: normal; color: #262a31; text-align: center;\">y aclara cualquier duda que tengas.<\/h4>\n<p>[\/vc_column_text][vc_empty_space height=\u00bb30px\u00bb]<div class=\"mt-knowledge-search wow  \">\n                <form role=\"search\" method=\"get\" id=\"searchform\" autocomplete=\"off\" class=\"clearfix\" action=\"https:\/\/beexcc.com\/docs\">\n                  <input type=\"hidden\" name=\"post_type\" value=\"mt_listing\">\n                  <input placeholder=\"Busca palabras claves aqu\u00ed...\" type=\"text\" name=\"s\" id=\"keyword\" onkeyup=\"fetch()\">\n                  <button type=\"submit\" id=\"searchsubmit\"> <i class=\"fa fa-search\"><\/i><\/button>\n                <\/form>\n                <div id=\"datafetch\"><\/div> \n            <\/div>[\/vc_column][vc_column width=\u00bb1\/6&#8243;][\/vc_column][\/vc_row][vc_row full_width=\u00bbstretch_row\u00bb gap=\u00bb30&#8243; css=\u00bb.vc_custom_1561616150180{margin-top: -250px !important;margin-right: -15px !important;margin-bottom: -28px !important;margin-left: -15px !important;padding-top: 60px !important;padding-bottom: 100px !important;}\u00bb el_class=\u00bbservices-section\u00bb][vc_column width=\u00bb1\/3&#8243; el_class=\u00bbbox-shadow-column\u00bb css=\u00bb.vc_custom_1561021909603{padding-top: 40px !important;padding-right: 40px !important;padding-bottom: 20px !important;padding-left: 40px !important;background-color: #ffffff !important;border-radius: 5px !important;}\u00bb]<div class=\"svg-block\"><svg  class=\"svg-icon\" id=\"mt_animated_svg_69e7316dcfc4e\" data-type= \"delayed\" data-start= \"autostart\" version=\"1.1\" xmlns=\"http:\/\/www.w3.org\/2000\/svg\" xmlns:xlink=\"http:\/\/www.w3.org\/1999\/xlink\" enable-background=\"new 0 0 463 463\" style=\"color:#6accd6;\"><?xml version=\"1.0\" encoding=\"utf-8\"?>\n<!-- Generator: Adobe Illustrator 25.2.1, SVG Export Plug-In . SVG Version: 6.00 Build 0)  -->\n<svg version=\"1.1\" id=\"Capa_1\" xmlns=\"http:\/\/www.w3.org\/2000\/svg\" xmlns:xlink=\"http:\/\/www.w3.org\/1999\/xlink\" x=\"0px\" y=\"0px\"\n\t viewBox=\"0 0 88.09 88.09\" style=\"enable-background:new 0 0 88.09 88.09;\" xml:space=\"preserve\">\n<style type=\"text\/css\">\n\t.st0{fill:#FFFFFF;}\n\t.st1{fill:#DAA969;}\n\t.st2{fill:#6ACCD6;}\n\t.st3{fill:#E3C08F;}\n\t.st4{fill:#BA856F;}\n\t.st5{fill:#C48E74;}\n\t.st6{fill:#F0BE9C;}\n\t.st7{fill:#F8C69E;}\n\t.st8{fill:#E0B596;}\n\t.st9{fill:#E7BE9A;}\n\t.st10{fill:#F7CCB9;}\n\t.st11{fill:#FCD1BA;}\n\t.st12{fill:#262A31;}\n\t.st13{fill:#383C4A;}\n\t.st14{fill:#4C505C;}\n\t.st15{fill:#60636D;}\n\t.st16{fill:#747780;}\n\t.st17{fill:#84868E;}\n\t.st18{fill:#9799A0;}\n\t.st19{fill:#ABADB3;}\n\t.st20{fill:#BFC0C4;}\n\t.st21{fill:#D3D4D7;}\n\t.st22{fill:#E7E7E9;}\n\t.st23{fill:#CC8629;}\n\t.st24{fill:#D1923D;}\n\t.st25{fill:#D59D53;}\n\t.st26{fill:#DFB57C;}\n\t.st27{fill:#E8CBA5;}\n\t.st28{fill:#EDD8BA;}\n\t.st29{fill:#F2E4D0;}\n\t.st30{fill:#F6EFE4;}\n\t.st31{fill:#448FCB;}\n\t.st32{fill:#579AD0;}\n\t.st33{fill:#6AA5D5;}\n\t.st34{fill:#7CB0D9;}\n\t.st35{fill:#8BB9DE;}\n\t.st36{fill:#9DC5E3;}\n\t.st37{fill:#B0D0E8;}\n\t.st38{fill:#C3DAED;}\n\t.st39{fill:#D6E5F1;}\n\t.st40{fill:#E8F0F6;}\n\t.st41{fill:#6CE4CE;}\n\t.st42{fill:#7BE6D3;}\n\t.st43{fill:#85E9D7;}\n\t.st44{fill:#94EBDC;}\n\t.st45{fill:#A3EDE0;}\n\t.st46{fill:#B1EFE4;}\n\t.st47{fill:#BEF2E9;}\n\t.st48{fill:#CFF4ED;}\n\t.st49{fill:#DEF6F2;}\n\t.st50{fill:#ECF9F6;}\n\t.st51{fill:#45C0CD;}\n\t.st52{fill:#58C6D2;}\n\t.st53{fill:#7DD2DB;}\n\t.st54{fill:#8BD8DF;}\n\t.st55{fill:#9EDDE4;}\n\t.st56{fill:#B1E3E9;}\n\t.st57{fill:#C3E9ED;}\n\t.st58{fill:#D6EFF2;}\n\t.st59{fill:#E8F5F6;}\n\t.st60{fill:#3C4046;}\n\t.st61{fill:#51555A;}\n\t.st62{fill:#686A6F;}\n\t.st63{fill:#7D7F80;}\n\t.st64{fill:#8E9094;}\n\t.st65{fill:#A4A6A9;}\n\t.st66{fill:#B9BBBD;}\n\t.st67{fill:#D0D0D2;}\n\t.st68{fill:#E5E5E6;}\n\t.st69{fill:#F1CF14;}\n\t.st70{fill:#F2D22B;}\n\t.st71{fill:#F3D841;}\n\t.st72{fill:#F4DC5B;}\n\t.st73{fill:#F5E171;}\n\t.st74{fill:#F6E584;}\n\t.st75{fill:#F7E99C;}\n\t.st76{fill:#F8EEB3;}\n\t.st77{fill:#F9F2CC;}\n\t.st78{fill:#FAF7E3;}\n<\/style>\n<g>\n\t<path class=\"st2\" d=\"M57.78,64.76H48.5c-0.5,0-0.91,0.41-0.91,0.91c0,0.5,0.41,0.91,0.91,0.91h9.28c0.5,0,0.91-0.41,0.91-0.91\n\t\tC58.7,65.17,58.29,64.76,57.78,64.76z\"\/>\n\t<path class=\"st2\" d=\"M44.82,21.73H42c-0.5,0-0.91,0.41-0.91,0.91c0,0.5,0.41,0.91,0.91,0.91h2.82c0.5,0,0.91-0.41,0.91-0.91\n\t\tC45.74,22.14,45.33,21.73,44.82,21.73z\"\/>\n\t<path class=\"st2\" d=\"M64.73,21.73H48.5c-0.5,0-0.91,0.41-0.91,0.91c0,0.5,0.41,0.91,0.91,0.91h16.22c0.5,0,0.91-0.41,0.91-0.91\n\t\tC65.64,22.14,65.23,21.73,64.73,21.73z\"\/>\n\t<path class=\"st2\" d=\"M44.82,26.29H42c-0.5,0-0.91,0.41-0.91,0.91c0,0.5,0.41,0.91,0.91,0.91h2.82c0.5,0,0.91-0.41,0.91-0.91\n\t\tC45.74,26.69,45.33,26.29,44.82,26.29z\"\/>\n\t<path class=\"st2\" d=\"M64.73,26.29H48.5c-0.5,0-0.91,0.41-0.91,0.91c0,0.5,0.41,0.91,0.91,0.91h16.22c0.5,0,0.91-0.41,0.91-0.91\n\t\tC65.64,26.69,65.23,26.29,64.73,26.29z\"\/>\n\t<path class=\"st2\" d=\"M44.82,30.84H42c-0.5,0-0.91,0.41-0.91,0.91c0,0.5,0.41,0.91,0.91,0.91h2.82c0.5,0,0.91-0.41,0.91-0.91\n\t\tC45.74,31.25,45.33,30.84,44.82,30.84z\"\/>\n\t<path class=\"st2\" d=\"M64.73,30.84H48.5c-0.5,0-0.91,0.41-0.91,0.91c0,0.5,0.41,0.91,0.91,0.91h16.22c0.5,0,0.91-0.41,0.91-0.91\n\t\tC65.64,31.25,65.23,30.84,64.73,30.84z\"\/>\n\t<path class=\"st2\" d=\"M44.82,35.4H42c-0.5,0-0.91,0.41-0.91,0.91c0,0.5,0.41,0.91,0.91,0.91h2.82c0.5,0,0.91-0.41,0.91-0.91\n\t\tC45.74,35.81,45.33,35.4,44.82,35.4z\"\/>\n\t<path class=\"st2\" d=\"M64.73,35.4H48.5c-0.5,0-0.91,0.41-0.91,0.91c0,0.5,0.41,0.91,0.91,0.91h16.22c0.5,0,0.91-0.41,0.91-0.91\n\t\tC65.64,35.81,65.23,35.4,64.73,35.4z\"\/>\n\t<path class=\"st2\" d=\"M74.63,41.79c-0.6-0.81-1.52-1.28-2.53-1.28h-1.17V18.19c0-1.47-1.2-2.67-2.67-2.67h-4.48\n\t\tc-0.5,0-0.91,0.41-0.91,0.91c0,0.5,0.41,0.91,0.91,0.91h4.48c0.47,0,0.85,0.38,0.85,0.85v22.32H37.62V18.19\n\t\tc0-0.47,0.38-0.85,0.85-0.85h21.66c0.5,0,0.91-0.41,0.91-0.91c0-0.5-0.41-0.91-0.91-0.91H38.47c-1.47,0-2.67,1.2-2.67,2.67v0.98h-2\n\t\tc-1.47,0-2.67,1.2-2.67,2.67v13.09h-0.1c-0.32,0-0.63-0.14-0.84-0.38l-3.43-3.88c-0.52-0.58-1.26-0.92-2.04-0.92h-9.12\n\t\tc-1.51,0-2.73,1.23-2.73,2.73v8.68v1.78v22.58c0,3.88,3.16,7.04,7.04,7.04h41.24c3.09,0,5.79-1.98,6.72-4.93l4.91-15.68\n\t\tc0.01-0.02,0.02-0.03,0.03-0.05l2.3-7.32C75.39,43.62,75.23,42.6,74.63,41.79z M32.95,21.85c0-0.47,0.38-0.85,0.85-0.85h2v19.51\n\t\th-2.84V21.85z M14.68,42.95v-1.78v-8.68c0-0.5,0.41-0.9,0.9-0.9h9.12c0.26,0,0.51,0.11,0.68,0.3l3.43,3.88\n\t\tc0.56,0.63,1.37,0.99,2.21,0.99h0.1v3.75H24.7c-1.24,0-2.36,0.73-2.86,1.86l-7.16,16.14V42.95z M73.35,44.04l-1.89,6.01\n\t\tc-0.01,0.02-0.02,0.03-0.03,0.06l-5.32,16.99c-0.69,2.18-2.68,3.65-4.97,3.65H19.89c-2.87,0-5.21-2.34-5.21-5.21v-2.51l8.83-19.9\n\t\tc0.21-0.47,0.68-0.78,1.19-0.78h47.4c0.42,0,0.8,0.19,1.05,0.53C73.4,43.21,73.47,43.63,73.35,44.04z\"\/>\n<\/g>\n<\/svg>\n<\/svg><\/div>\n    [vc_column_text css_animation=\u00bbnone\u00bb css=\u00bb.vc_custom_1629158311799{padding-bottom: 24px !important;}\u00bb]<\/p>\n<h4 style=\"font-size: 14px; text-align: center;\"><strong>Documentaci\u00f3n<\/strong><\/h4>\n<p>[\/vc_column_text][vc_column_text css_animation=\u00bbnone\u00bb el_class=\u00bbbottom-services\u00bb]<\/p>\n<p style=\"text-align: left; font-size: 14px;\">Encuentra explicaci\u00f3n a las caracter\u00edsticas de nuestros productos y resuelve tus dudas. Recuerda seleccionar un producto en espec\u00edfico para revisar todo su contenido.<\/p>\n<p>[\/vc_column_text][vc_empty_space height=\u00bb8px\u00bb][vc_btn title=\u00bbSelecciona un producto\u00bb style=\u00bbcustom\u00bb custom_background=\u00bb#ffffff\u00bb custom_text=\u00bb#000000&#8243; shape=\u00bbsquare\u00bb align=\u00bbcenter\u00bb button_block=\u00bbtrue\u00bb css=\u00bb.vc_custom_1614111411261{margin-top: 15px !important;background-color: rgba(0,0,0,0.01) !important;*background-color: rgb(0,0,0) !important;}\u00bb el_class=\u00bbboton-visitar\u00bb link=\u00bburl:https%3A%2F%2Fwww.beexcc.com%2Fdocs%2F%23productos\u00bb][\/vc_column][vc_column width=\u00bb1\/3&#8243; css=\u00bb.vc_custom_1561021904739{padding-top: 40px !important;padding-right: 30px !important;padding-bottom: 20px !important;padding-left: 30px !important;background-color: #ffffff !important;border-radius: 5px !important;}\u00bb el_class=\u00bbbox-shadow-column\u00bb]<div class=\"svg-block\"><svg  class=\"svg-icon\" id=\"mt_animated_svg_69e7316dcfcd5\" data-type= \"delayed\" data-start= \"autostart\" version=\"1.1\" xmlns=\"http:\/\/www.w3.org\/2000\/svg\" xmlns:xlink=\"http:\/\/www.w3.org\/1999\/xlink\" enable-background=\"new 0 0 463 463\" style=\"color:#7cb0d9;\"><?xml version=\"1.0\" encoding=\"utf-8\"?>\n<!-- Generator: Adobe Illustrator 25.2.1, SVG Export Plug-In . SVG Version: 6.00 Build 0)  -->\n<svg version=\"1.1\" id=\"Capa_1\" xmlns=\"http:\/\/www.w3.org\/2000\/svg\" xmlns:xlink=\"http:\/\/www.w3.org\/1999\/xlink\" x=\"0px\" y=\"0px\"\n\t viewBox=\"0 0 88.09 88.09\" style=\"enable-background:new 0 0 88.09 88.09;\" xml:space=\"preserve\">\n<style type=\"text\/css\">\n\t.st0{fill:#FFFFFF;}\n\t.st1{fill:#DAA969;}\n\t.st2{fill:#6ACCD6;}\n\t.st3{fill:#E3C08F;}\n\t.st4{fill:#BA856F;}\n\t.st5{fill:#C48E74;}\n\t.st6{fill:#F0BE9C;}\n\t.st7{fill:#F8C69E;}\n\t.st8{fill:#E0B596;}\n\t.st9{fill:#E7BE9A;}\n\t.st10{fill:#F7CCB9;}\n\t.st11{fill:#FCD1BA;}\n\t.st12{fill:#262A31;}\n\t.st13{fill:#383C4A;}\n\t.st14{fill:#4C505C;}\n\t.st15{fill:#60636D;}\n\t.st16{fill:#747780;}\n\t.st17{fill:#84868E;}\n\t.st18{fill:#9799A0;}\n\t.st19{fill:#ABADB3;}\n\t.st20{fill:#BFC0C4;}\n\t.st21{fill:#D3D4D7;}\n\t.st22{fill:#E7E7E9;}\n\t.st23{fill:#CC8629;}\n\t.st24{fill:#D1923D;}\n\t.st25{fill:#D59D53;}\n\t.st26{fill:#DFB57C;}\n\t.st27{fill:#E8CBA5;}\n\t.st28{fill:#EDD8BA;}\n\t.st29{fill:#F2E4D0;}\n\t.st30{fill:#F6EFE4;}\n\t.st31{fill:#448FCB;}\n\t.st32{fill:#579AD0;}\n\t.st33{fill:#6AA5D5;}\n\t.st34{fill:#7CB0D9;}\n\t.st35{fill:#8BB9DE;}\n\t.st36{fill:#9DC5E3;}\n\t.st37{fill:#B0D0E8;}\n\t.st38{fill:#C3DAED;}\n\t.st39{fill:#D6E5F1;}\n\t.st40{fill:#E8F0F6;}\n\t.st41{fill:#6CE4CE;}\n\t.st42{fill:#7BE6D3;}\n\t.st43{fill:#85E9D7;}\n\t.st44{fill:#94EBDC;}\n\t.st45{fill:#A3EDE0;}\n\t.st46{fill:#B1EFE4;}\n\t.st47{fill:#BEF2E9;}\n\t.st48{fill:#CFF4ED;}\n\t.st49{fill:#DEF6F2;}\n\t.st50{fill:#ECF9F6;}\n\t.st51{fill:#45C0CD;}\n\t.st52{fill:#58C6D2;}\n\t.st53{fill:#7DD2DB;}\n\t.st54{fill:#8BD8DF;}\n\t.st55{fill:#9EDDE4;}\n\t.st56{fill:#B1E3E9;}\n\t.st57{fill:#C3E9ED;}\n\t.st58{fill:#D6EFF2;}\n\t.st59{fill:#E8F5F6;}\n\t.st60{fill:#3C4046;}\n\t.st61{fill:#51555A;}\n\t.st62{fill:#686A6F;}\n\t.st63{fill:#7D7F80;}\n\t.st64{fill:#8E9094;}\n\t.st65{fill:#A4A6A9;}\n\t.st66{fill:#B9BBBD;}\n\t.st67{fill:#D0D0D2;}\n\t.st68{fill:#E5E5E6;}\n\t.st69{fill:#F1CF14;}\n\t.st70{fill:#F2D22B;}\n\t.st71{fill:#F3D841;}\n\t.st72{fill:#F4DC5B;}\n\t.st73{fill:#F5E171;}\n\t.st74{fill:#F6E584;}\n\t.st75{fill:#F7E99C;}\n\t.st76{fill:#F8EEB3;}\n\t.st77{fill:#F9F2CC;}\n\t.st78{fill:#FAF7E3;}\n<\/style>\n<path class=\"st34\" d=\"M70.48,32.29c0.33-1.03,0.26-2.13-0.21-3.12c-1.17-2.47-2.69-4.77-4.53-6.84c-0.34-0.38-0.92-0.41-1.3-0.08\n\tc-0.38,0.34-0.41,0.92-0.08,1.3c1.72,1.94,3.15,4.09,4.24,6.4c0.29,0.61,0.31,1.3,0.07,1.93c-0.77,1.98-3.57,2.1-4.49,0.16\n\tc-1.55-3.25-3.88-6.11-6.74-8.27c-3.89-2.94-8.52-4.49-13.4-4.49c-4.79,0-9.35,1.5-13.2,4.35c-2.89,2.14-5.16,4.83-6.74,8.01\n\tc-0.95,1.9-3.73,1.77-4.48-0.23c-0.24-0.63-0.2-1.32,0.1-1.92c1.3-2.61,3.02-5.01,5.13-7.12c5.13-5.13,11.95-7.95,19.2-7.95\n\tc6.43,0,12.42,2.16,17.33,6.25c0.39,0.33,0.97,0.27,1.3-0.12c0.33-0.39,0.27-0.97-0.12-1.3c-5.25-4.37-11.65-6.67-18.51-6.67\n\tc-7.75,0-15.03,3.02-20.5,8.49c-2.25,2.25-4.1,4.81-5.48,7.6c-0.48,0.97-0.57,2.06-0.27,3.1c-1.17,3.13-1.76,6.42-1.76,9.8v12.98\n\tc0,4.4,3.58,7.99,7.99,7.99h4.1c2.4,0,4.36-1.96,4.36-4.36v-14.2c0-2.4-1.96-4.36-4.36-4.36h-4.1c-0.45,0-0.89,0.04-1.32,0.11\n\tc0.16-1.84,0.55-3.64,1.17-5.37c0.79-0.4,1.46-1.05,1.88-1.9c1.45-2.91,3.53-5.39,6.19-7.35c3.53-2.61,7.72-3.98,12.11-3.98\n\tc4.47,0,8.72,1.42,12.29,4.12c2.62,1.98,4.76,4.61,6.19,7.59c0.41,0.86,1.07,1.52,1.85,1.93c0.54,1.6,0.88,3.27,1.03,4.95\n\tc-0.43-0.07-0.87-0.11-1.32-0.11h-4.1c-2.4,0-4.36,1.96-4.36,4.36v14.2c0,2.4,1.96,4.36,4.36,4.36h4.1c0.66,0,1.3-0.08,1.91-0.23\n\tc-1.55,3.77-5.28,6.36-9.46,6.36h-0.86c-0.78-0.98-1.98-1.62-3.33-1.62h-6.24c-2.34,0-4.24,1.9-4.24,4.24s1.9,4.24,4.24,4.24h6.24\n\tc1.31,0,2.49-0.6,3.27-1.54h0.92c8.57,0,15.53-6.97,15.53-15.53v-3.89c0-1.27,0-11.63,0-12.98C72.05,38.38,71.52,35.26,70.48,32.29z\n\t M17.88,41.57c0-2.68,0.4-5.3,1.18-7.81c0.78,0.7,1.74,1.05,2.71,1.08c-0.54,1.77-0.86,3.6-0.96,5.46c-1.14,0.5-2.14,1.26-2.93,2.21\n\tV41.57z M27.63,41.47h0.49c1.39,0,2.52,1.13,2.52,2.52v14.2c0,1.39-1.13,2.52-2.52,2.52h-0.49v-0.97v-2.5V41.47z M24.02,41.47h1.76\n\tv15.75v2.5v0.97h-1.76c-3.39,0-6.14-2.76-6.14-6.14v-6.94C17.88,44.22,20.64,41.47,24.02,41.47z M52.33,73.67h-6.24\n\tc-1.32,0-2.39-1.07-2.39-2.39s1.07-2.39,2.39-2.39h6.24c1.32,0,2.39,1.07,2.39,2.39S53.65,73.67,52.33,73.67z M69.18,34.26\n\tc0.68,2.36,1.03,4.81,1.03,7.31v0.94c-0.79-0.95-1.79-1.71-2.93-2.21c-0.09-1.7-0.37-3.38-0.83-5.01\n\tC67.46,35.28,68.43,34.9,69.18,34.26z M60.46,60.69h-0.49c-1.39,0-2.52-1.13-2.52-2.52v-14.2c0-1.39,1.13-2.52,2.52-2.52h0.49V60.69\n\tz M56.52,72.13h-0.04c0.11-0.53,0.11-1.08,0.01-1.62h0.02c5.52,0,10.37-3.82,11.7-9.14c0.73-0.44,1.38-1,1.93-1.65\n\tC69.5,66.67,63.64,72.13,56.52,72.13z M70.21,54.55c0,3.39-2.76,6.14-6.14,6.14H62.3V41.47h1.76c3.39,0,6.14,2.76,6.14,6.14V54.55z\"\n\t\/>\n<\/svg>\n\n\n<\/svg><\/div>\n    [vc_column_text css_animation=\u00bbnone\u00bb css=\u00bb.vc_custom_1629158318062{padding-bottom: 24px !important;}\u00bb]<\/p>\n<h4 style=\"font-size: 14px; text-align: center;\"><strong>Soporte Advanced<\/strong><\/h4>\n<p>[\/vc_column_text][vc_column_text css_animation=\u00bbnone\u00bb el_class=\u00bbbottom-services\u00bb]<\/p>\n<p style=\"text-align: left; font-size: 14px;\">Si eres un cliente de licencia Advanced o Business, y consideras que nuestra documentaci\u00f3n no fue suficiente para ayudarte, puedes escribirnos a nuestros emails de soporte al cliente.<\/p>\n<p>[\/vc_column_text][vc_empty_space height=\u00bb8px\u00bb][vc_btn title=\u00bbEnviar Email\u00bb style=\u00bbcustom\u00bb custom_background=\u00bb#ffffff\u00bb custom_text=\u00bb#000000&#8243; shape=\u00bbsquare\u00bb align=\u00bbcenter\u00bb button_block=\u00bbtrue\u00bb css=\u00bb.vc_custom_1628399554812{margin-top: 15px !important;background-color: rgba(0,0,0,0.01) !important;*background-color: rgb(0,0,0) !important;}\u00bb el_class=\u00bbboton-visitar\u00bb link=\u00bburl:mailto%3Aticker%40beexcc.com\u00bb][\/vc_column][vc_column width=\u00bb1\/3&#8243; el_class=\u00bbbox-shadow-column\u00bb css=\u00bb.vc_custom_1613705881410{padding-top: 40px !important;padding-right: 30px !important;padding-bottom: 20px !important;padding-left: 30px !important;background-color: #ffffff !important;}\u00bb]<div class=\"svg-block\"><svg  class=\"svg-icon\" id=\"mt_animated_svg_69e7316dcfd41\" data-type= \"delayed\" data-start= \"autostart\" version=\"1.1\" xmlns=\"http:\/\/www.w3.org\/2000\/svg\" xmlns:xlink=\"http:\/\/www.w3.org\/1999\/xlink\" enable-background=\"new 0 0 463 463\" style=\"color:#e3c08f;\"><?xml version=\"1.0\" encoding=\"utf-8\"?>\n<!-- Generator: Adobe Illustrator 25.2.1, SVG Export Plug-In . SVG Version: 6.00 Build 0)  -->\n<svg version=\"1.1\" id=\"Capa_1\" xmlns=\"http:\/\/www.w3.org\/2000\/svg\" xmlns:xlink=\"http:\/\/www.w3.org\/1999\/xlink\" x=\"0px\" y=\"0px\"\n\t viewBox=\"0 0 88.09 88.09\" style=\"enable-background:new 0 0 88.09 88.09;\" xml:space=\"preserve\">\n<style type=\"text\/css\">\n\t.st0{fill:#FFFFFF;}\n\t.st1{fill:#DAA969;}\n\t.st2{fill:#6ACCD6;}\n\t.st3{fill:#E3C08F;}\n\t.st4{fill:#BA856F;}\n\t.st5{fill:#C48E74;}\n\t.st6{fill:#F0BE9C;}\n\t.st7{fill:#F8C69E;}\n\t.st8{fill:#E0B596;}\n\t.st9{fill:#E7BE9A;}\n\t.st10{fill:#F7CCB9;}\n\t.st11{fill:#FCD1BA;}\n\t.st12{fill:#262A31;}\n\t.st13{fill:#383C4A;}\n\t.st14{fill:#4C505C;}\n\t.st15{fill:#60636D;}\n\t.st16{fill:#747780;}\n\t.st17{fill:#84868E;}\n\t.st18{fill:#9799A0;}\n\t.st19{fill:#ABADB3;}\n\t.st20{fill:#BFC0C4;}\n\t.st21{fill:#D3D4D7;}\n\t.st22{fill:#E7E7E9;}\n\t.st23{fill:#CC8629;}\n\t.st24{fill:#D1923D;}\n\t.st25{fill:#D59D53;}\n\t.st26{fill:#DFB57C;}\n\t.st27{fill:#E8CBA5;}\n\t.st28{fill:#EDD8BA;}\n\t.st29{fill:#F2E4D0;}\n\t.st30{fill:#F6EFE4;}\n\t.st31{fill:#448FCB;}\n\t.st32{fill:#579AD0;}\n\t.st33{fill:#6AA5D5;}\n\t.st34{fill:#7CB0D9;}\n\t.st35{fill:#8BB9DE;}\n\t.st36{fill:#9DC5E3;}\n\t.st37{fill:#B0D0E8;}\n\t.st38{fill:#C3DAED;}\n\t.st39{fill:#D6E5F1;}\n\t.st40{fill:#E8F0F6;}\n\t.st41{fill:#6CE4CE;}\n\t.st42{fill:#7BE6D3;}\n\t.st43{fill:#85E9D7;}\n\t.st44{fill:#94EBDC;}\n\t.st45{fill:#A3EDE0;}\n\t.st46{fill:#B1EFE4;}\n\t.st47{fill:#BEF2E9;}\n\t.st48{fill:#CFF4ED;}\n\t.st49{fill:#DEF6F2;}\n\t.st50{fill:#ECF9F6;}\n\t.st51{fill:#45C0CD;}\n\t.st52{fill:#58C6D2;}\n\t.st53{fill:#7DD2DB;}\n\t.st54{fill:#8BD8DF;}\n\t.st55{fill:#9EDDE4;}\n\t.st56{fill:#B1E3E9;}\n\t.st57{fill:#C3E9ED;}\n\t.st58{fill:#D6EFF2;}\n\t.st59{fill:#E8F5F6;}\n\t.st60{fill:#3C4046;}\n\t.st61{fill:#51555A;}\n\t.st62{fill:#686A6F;}\n\t.st63{fill:#7D7F80;}\n\t.st64{fill:#8E9094;}\n\t.st65{fill:#A4A6A9;}\n\t.st66{fill:#B9BBBD;}\n\t.st67{fill:#D0D0D2;}\n\t.st68{fill:#E5E5E6;}\n\t.st69{fill:#F1CF14;}\n\t.st70{fill:#F2D22B;}\n\t.st71{fill:#F3D841;}\n\t.st72{fill:#F4DC5B;}\n\t.st73{fill:#F5E171;}\n\t.st74{fill:#F6E584;}\n\t.st75{fill:#F7E99C;}\n\t.st76{fill:#F8EEB3;}\n\t.st77{fill:#F9F2CC;}\n\t.st78{fill:#FAF7E3;}\n<\/style>\n<g>\n\t<path class=\"st3\" d=\"M52.83,32.62c0.4,0,0.72-0.32,0.72-0.72v-5.63c0-0.4-0.32-0.72-0.72-0.72h-5.62c-0.4,0-0.72,0.32-0.72,0.72\n\t\tv5.63c0,0.4,0.32,0.72,0.72,0.72H52.83z M47.93,27h4.18v4.19h-4.18V27z\"\/>\n\t<path class=\"st3\" d=\"M41.76,25.56h-5.62c-0.4,0-0.72,0.32-0.72,0.72v5.63c0,0.4,0.32,0.72,0.72,0.72h5.62\n\t\tc0.4,0,0.72-0.32,0.72-0.72v-5.63C42.48,25.88,42.16,25.56,41.76,25.56z M41.04,31.18h-4.18V27h4.18V31.18z\"\/>\n\t<path class=\"st3\" d=\"M52.83,45.01c0.4,0,0.72-0.32,0.72-0.72v-5.63c0-0.4-0.32-0.72-0.72-0.72h-5.62c-0.4,0-0.72,0.32-0.72,0.72\n\t\tv5.63c0,0.4,0.32,0.72,0.72,0.72H52.83z M47.93,39.39h4.18v4.19h-4.18V39.39z\"\/>\n\t<path class=\"st3\" d=\"M41.76,37.95h-5.62c-0.4,0-0.72,0.32-0.72,0.72v5.63c0,0.4,0.32,0.72,0.72,0.72h5.62\n\t\tc0.4,0,0.72-0.32,0.72-0.72v-5.63C42.48,38.27,42.16,37.95,41.76,37.95z M41.04,43.57h-4.18v-4.19h4.18V43.57z\"\/>\n\t<path class=\"st3\" d=\"M52.83,57.4c0.4,0,0.72-0.32,0.72-0.72v-5.63c0-0.4-0.32-0.72-0.72-0.72h-5.62c-0.4,0-0.72,0.32-0.72,0.72\n\t\tv5.63c0,0.4,0.32,0.72,0.72,0.72H52.83z M47.93,51.78h4.18v4.19h-4.18V51.78z\"\/>\n\t<path class=\"st3\" d=\"M41.76,50.34h-5.62c-0.4,0-0.72,0.32-0.72,0.72v5.63c0,0.4,0.32,0.72,0.72,0.72h5.62\n\t\tc0.4,0,0.72-0.32,0.72-0.72v-5.63C42.48,50.66,42.16,50.34,41.76,50.34z M41.04,55.97h-4.18v-4.19h4.18V55.97z\"\/>\n\t<path class=\"st3\" d=\"M54.07,13.12H34.9c-0.51,0-0.92,0.41-0.92,0.92v4.69h-2.9c-0.51,0-0.92,0.41-0.92,0.92v23.78h-6.99\n\t\tc-0.51,0-0.92,0.41-0.92,0.92v28.79h-3.57c-0.51,0-0.92,0.41-0.92,0.92s0.41,0.92,0.92,0.92h50.73c0.51,0,0.92-0.41,0.92-0.92\n\t\ts-0.41-0.92-0.92-0.92h-1.43V35.99c0-0.51-0.41-0.92-0.92-0.92h-8.25V19.64c0-0.51-0.41-0.92-0.92-0.92h-2.9v-4.69\n\t\tC54.99,13.53,54.58,13.12,54.07,13.12z M30.16,73.13h-6.07V45.26h6.07V73.13z M58.81,36.91h7.33v36.22h-7.33V36.91z M35.82,14.96\n\t\th17.33v3.77H35.82V14.96z M48.46,73.13h-7.95V65.7h7.95V73.13z M56.97,20.56v52.57H50.3v-8.35c0-0.51-0.41-0.92-0.92-0.92h-9.79\n\t\tc-0.51,0-0.92,0.41-0.92,0.92v8.35H32V20.56H56.97z\"\/>\n<\/g>\n<\/svg>\n<\/svg><\/div>\n    [vc_column_text css_animation=\u00bbnone\u00bb css=\u00bb.vc_custom_1629158326302{padding-bottom: 24px !important;}\u00bb]<\/p>\n<h4 style=\"font-size: 14px; text-align: center;\"><strong>Soporte Enterprise<\/strong><\/h4>\n<p>[\/vc_column_text][vc_column_text css_animation=\u00bbnone\u00bb el_class=\u00bbbottom-services\u00bb]<\/p>\n<p style=\"text-align: left; font-size: 14px;\">Si eres un cliente de licencia Enterprise, accede a Beex Support Center para que cuentes con todo el detalle de tus solicitudes en base al nivel de servicio acordado.<\/p>\n<p>[\/vc_column_text][vc_empty_space height=\u00bb8px\u00bb][vc_btn title=\u00bbVisitar portal\u00bb style=\u00bbcustom\u00bb custom_background=\u00bb#ffffff\u00bb custom_text=\u00bb#000000&#8243; shape=\u00bbsquare\u00bb align=\u00bbcenter\u00bb button_block=\u00bbtrue\u00bb css=\u00bb.vc_custom_1683035394324{margin-top: 15px !important;background-color: rgba(0,0,0,0.01) !important;*background-color: rgb(0,0,0) !important;}\u00bb el_class=\u00bbboton-visitar\u00bb link=\u00bburl:%20https%3A%2F%2Fsecuritec.zohodesk.com%2Fportal\u00bb][\/vc_column][\/vc_row][vc_row full_width=\u00bbstretch_row\u00bb css=\u00bb.vc_custom_1560422881560{margin-top: 0px !important;margin-bottom: 0px !important;padding-top: 25px !important;background-position: 0 0 !important;background-repeat: no-repeat !important;}\u00bb][vc_column el_id=\u00bbproductos\u00bb][vc_column_text css_animation=\u00bbfadeInUp\u00bb]<strong style=\"color: #252525; font-size: 18px;\">SOPORTE PRODUCTO<\/strong>[\/vc_column_text][vc_empty_space height=\u00bb37px\u00bb][vc_row_inner css=\u00bb.vc_custom_1560419766978{margin-top: 0px !important;margin-bottom: 70px !important;padding-top: 0px !important;}\u00bb][vc_column_inner]<div class=\"portfolio-posts portfolio-posts-list\"><div class=\"row\"><div class=\"vc_col-sm-3 wow fadeIn\">\n                      <article class=\"single-post list-view\">\n\t\t\t\t\t     <a href=\"https:\/\/beexcc.com\/docs\/conversations\/\" title=\"Conversations\">\n                        <div class=\"portfolio_custom\">\n\n                          <!-- POST THUMBNAILddddd -->\n                          <div class=\"col-md-12 post-thumbnail\">\n                              <div class=\"relative\"><img decoding=\"async\" class=\"portfolio_post_image\" src=\"https:\/\/beexcc.com\/docs\/wp-content\/uploads\/2021\/02\/og-ticker.png\" alt=\"Conversations\" \/>\n                          <\/div>\n                          <\/div>\n\n                          <!-- POST DETAILS -->\n                          <div class=\"post-details col-md-12\">  \n\t\t\t\t\t\t     <a  class=\"post-name\"href=\"https:\/\/beexcc.com\/docs\/conversations\/\" title=\"Conversations\">Ver documentaci\u00f3n<\/a>  <\/div>                 \n                         <\/div>\n\t\t\t\t\t  <\/a>\n                      <\/article>\n                    <\/div><div class=\"vc_col-sm-3 wow fadeIn\">\n                      <article class=\"single-post list-view\">\n\t\t\t\t\t     <a href=\"https:\/\/beexcc.com\/docs\/contact-center\/\" title=\"Contact Center\">\n                        <div class=\"portfolio_custom\">\n\n                          <!-- POST THUMBNAILddddd -->\n                          <div class=\"col-md-12 post-thumbnail\">\n                              <div class=\"relative\"><img decoding=\"async\" class=\"portfolio_post_image\" src=\"https:\/\/beexcc.com\/docs\/wp-content\/uploads\/2020\/05\/og-score.png\" alt=\"Contact Center\" \/>\n                          <\/div>\n                          <\/div>\n\n                          <!-- POST DETAILS -->\n                          <div class=\"post-details col-md-12\">  \n\t\t\t\t\t\t     <a  class=\"post-name\"href=\"https:\/\/beexcc.com\/docs\/contact-center\/\" title=\"Contact Center\">Ver documentaci\u00f3n<\/a>  <\/div>                 \n                         <\/div>\n\t\t\t\t\t  <\/a>\n                      <\/article>\n                    <\/div><\/div><\/div>[\/vc_column_inner][\/vc_row_inner][\/vc_column][\/vc_row]<\/p>\n","protected":false},"excerpt":{"rendered":"<p>[vc_row full_width=\u00bbstretch_row\u00bb css=\u00bb.vc_custom_1562055796693{margin-bottom: 0px !important;padding-top: 55px !important;padding-bottom: 275px !important;}\u00bb el_class=\u00bbslider-image pad-size\u00bb][vc_column width=\u00bb1\/6&#8243;][\/vc_column][vc_column width=\u00bb2\/3&#8243;][vc_empty_space height=\u00bb100px\u00bb][vc_column_text el_class=\u00bbtitle-docs\u00bb] Documentos Securitec \u00a1Bienvenido a Beex Help Center! [\/vc_column_text][vc_empty_space height=\u00bb30px\u00bb][vc_column_text] Familiarizate con [&hellip;]<\/p>\n","protected":false},"author":1,"featured_media":22207,"parent":0,"menu_order":0,"comment_status":"closed","ping_status":"closed","template":"","meta":{"footnotes":""},"class_list":["post-20154","page","type-page","status-publish","has-post-thumbnail","hentry"],"aioseo_notices":[],"_links":{"self":[{"href":"https:\/\/beexcc.com\/docs\/wp-json\/wp\/v2\/pages\/20154"}],"collection":[{"href":"https:\/\/beexcc.com\/docs\/wp-json\/wp\/v2\/pages"}],"about":[{"href":"https:\/\/beexcc.com\/docs\/wp-json\/wp\/v2\/types\/page"}],"author":[{"embeddable":true,"href":"https:\/\/beexcc.com\/docs\/wp-json\/wp\/v2\/users\/1"}],"replies":[{"embeddable":true,"href":"https:\/\/beexcc.com\/docs\/wp-json\/wp\/v2\/comments?post=20154"}],"version-history":[{"count":173,"href":"https:\/\/beexcc.com\/docs\/wp-json\/wp\/v2\/pages\/20154\/revisions"}],"predecessor-version":[{"id":22243,"href":"https:\/\/beexcc.com\/docs\/wp-json\/wp\/v2\/pages\/20154\/revisions\/22243"}],"wp:featuredmedia":[{"embeddable":true,"href":"https:\/\/beexcc.com\/docs\/wp-json\/wp\/v2\/media\/22207"}],"wp:attachment":[{"href":"https:\/\/beexcc.com\/docs\/wp-json\/wp\/v2\/media?parent=20154"}],"curies":[{"name":"wp","href":"https:\/\/api.w.org\/{rel}","templated":true}]}}